{"id":64,"date":"2019-05-31T10:51:35","date_gmt":"2019-05-31T08:51:35","guid":{"rendered":"https:\/\/hugokemmerich.de\/?page_id=64"},"modified":"2020-04-30T16:47:04","modified_gmt":"2020-04-30T14:47:04","slug":"impressum","status":"publish","type":"page","link":"https:\/\/hugokemmerich.de\/en\/impressum\/","title":{"rendered":"Impressum"},"content":{"rendered":"\n<div class=\"wp-block-impuls-additional-containers-section  has-no-text-color has-no-background-color has-no-background-image\" style=\"background-image:none\"><div class=\"InnerContent\">\n<h2 class=\"wp-block-heading\">Impressum<\/h2>\n\n\n\n<div class=\"wp-block-columns has-2-columns is-layout-flex wp-container-core-columns-is-layout-9d6595d7 wp-block-columns-is-layout-flex\">\n<div class=\"wp-block-column is-layout-flow wp-block-column-is-layout-flow\">\n<p>Hugo Kemmerich GmbH <br>An der M\u00fchle 1 <br>51789 Lindlar \/ Brochhagen<\/p>\n\n\n\n<p>Tel.: 02266 \/ 4 71 82 -0 <br>Fax: 02266 \/ 4 71 82 -48 <\/p>\n\n\n\n<p>Verantwortlich f\u00fcr den Inhalt: Dr. Jens Herweg&nbsp; <\/p>\n<\/div>\n\n\n\n<div class=\"wp-block-column is-layout-flow wp-block-column-is-layout-flow\">\n<p>Ust.-Id.: DE 123238032 <br>Amtsgericht K\u00f6ln HRB 37584 <\/p>\n\n\n\n<p>Gesch\u00e4ftsf\u00fchrer:  <br>Dr.&nbsp;Jens Herweg <\/p>\n<\/div>\n<\/div>\n\n\n\n<hr class=\"wp-block-separator\"\/>\n\n\n\n<h3 class=\"wp-block-heading\">Konzept und Realisierung<\/h3>\n\n\n\n<p>Impuls Werbeagentur, Hannover<br><a href=\"http:\/\/www.werbeagentur-impuls.de\">www.werbeagentur-impuls.de<\/a><\/p>\n\n\n\n<hr class=\"wp-block-separator\"\/>\n\n\n\n<h3 class=\"wp-block-heading\">Bildnachweis<\/h3>\n\n\n\n<p>Fotos Mitarbeiter und Betrieb: J\u00f6rg Szemkus, Fotograf, <a href=\"http:\/\/www.szemkus.de\" target=\"_blank\" rel=\"noreferrer noopener\">www.szemkus.de<\/a><br>QC-Offizier auf pr\u00e4zidiert \u00dcberpr\u00fcfung den Au\u00dfendurchmesser \u2013 Stockfoto | #641409352 | \u00a9 Witthaya Prasongsin | <a rel=\"noreferrer noopener\" href=\"https:\/\/www.istockphoto.com\" target=\"_blank\">www.istockphoto.com<\/a><br>CNC Drehmaschine Verarbeitung. \u2013 Stockfoto | #155600111 | \u00a9 Liuhsihsiang| <a rel=\"noreferrer noopener\" href=\"https:\/\/www.istockphoto.com\" target=\"_blank\">www.istockphoto.com<\/a><br>Metallbau CNC Fr\u00e4se. \u2013 Stockfoto | #512725838 | \u00a9 cookelma| <a rel=\"noreferrer noopener\" href=\"https:\/\/www.istockphoto.com\" target=\"_blank\">www.istockphoto.com<\/a><br>Electric Schleifmaschine \u2013 Stockfoto | #510153022 | \u00a9 guruXOOX| <a rel=\"noreferrer noopener\" href=\"https:\/\/www.istockphoto.com\" target=\"_blank\">www.istockphoto.com<\/a><br>cutting tool at metal working | #94801209 | \u00a9 Kadmy | <a rel=\"noreferrer noopener\" href=\"https:\/\/stock.adobe.com\" target=\"_blank\">www.stock.adobe.com<\/a><br>Planungsb\u00fcro | #23424312 | \u00a9 imageteam| <a rel=\"noreferrer noopener\" href=\"https:\/\/stock.adobe.com\" target=\"_blank\">www.stock.adobe.com<\/a><br>F\u00fchren zu einer Fragmentierung des Metall W\u00fcrfel mit L\u00f6chern und Messgr\u00f6\u00dfe Faden. \u2013 Stockfoto | #536680960| \u00a9 Nordroden| <a rel=\"noreferrer noopener\" href=\"https:\/\/www.istockphoto.com\" target=\"_blank\">www.istockphoto.com<\/a><br>Cnc Drehmaschine Arbeitsbereich \u2013 Stockfoto | #585482958 | \u00a9 kynny| <a rel=\"noreferrer noopener\" href=\"https:\/\/www.istockphoto.com\" target=\"_blank\">www.istockphoto.com<\/a><br>Cutters for metal and drill set the CNC machine tool \u2013 Stockfoto | #584471478 | \u00a9 Nordroden| <a rel=\"noreferrer noopener\" href=\"https:\/\/www.istockphoto.com\" target=\"_blank\">www.istockphoto.com<\/a><br>Getriebe-Messmaschine \u2013 Stockfoto | #969148924 | \u00a9 Ekaterina Kupeeva | <a rel=\"noreferrer noopener\" href=\"https:\/\/www.istockphoto.com\/de\" target=\"_blank\">istockphoto.com<\/a><\/p>\n\n\n\n<p>Icons made by <a href=\"https:\/\/www.flaticon.com\/authors\/freepik\">Freepik<\/a> from <a href=\"https:\/\/www.flaticon.com\/\">www.flaticon.com<\/a><\/p>\n\n\n\n<hr class=\"wp-block-separator\"\/>\n\n\n\n<h3 class=\"wp-block-heading\">Haftungsausschluss<\/h3>\n\n\n\n<p>Der Autor \u00fcbernimmt keinerlei Gew\u00e4hr f\u00fcr die Aktualit\u00e4t, Korrektheit,\n Vollst\u00e4ndigkeit oder Qualit\u00e4t der bereitgestellten Informationen. \nHaftungsanspr\u00fcche gegen den Autor, welche sich auf Sch\u00e4den materieller \noder ideeller Art beziehen, die durch die Nutzung oder Nichtnutzung der \ndargebotenen Informationen bzw. durch die Nutzung fehlerhafter und \nunvollst\u00e4ndiger Informationen verursacht wurden, sind grunds\u00e4tzlich \nausgeschlossen, sofern seitens des Autors kein nachweislich \nvors\u00e4tzliches oder grob fahrl\u00e4ssiges Verschulden vorliegt. Alle Angebote\n sind freibleibend und unverbindlich. Der Autor beh\u00e4lt es sich \nausdr\u00fccklich vor, Teile der Seiten oder das gesamte Angebot ohne \ngesonderte Ank\u00fcndigung zu ver\u00e4ndern, zu erg\u00e4nzen, zu l\u00f6schen oder die \nVer\u00f6ffentlichung zeitweise oder endg\u00fcltig einzustellen.<\/p>\n\n\n\n<hr class=\"wp-block-separator\"\/>\n\n\n\n<h3 class=\"wp-block-heading\">Hinweis zu externen Links<\/h3>\n\n\n\n<p>Soweit von dieser Website auf andere Websites verlinkt wird, weisen \nwir darauf hin, dass wir keinerlei Einfluss auf die Gestaltung und die \nInhalte der verlinkten Seiten haben und wir uns deren Inhalt nicht zu \nEigen machen. Das gilt f\u00fcr alle auf dieser Seite ausgebrachten externen \nLink. F\u00fcr verlinkte Seiten gilt, dass rechtswidrige Inhalte zum \nZeitpunkt der Verlinkung nicht erkennbar waren. Die Links werden \nregelm\u00e4\u00dfig auf rechtswidrige Inhalte \u00fcberpr\u00fcft und bei \nRechtsverletzungen unverz\u00fcglich entfernt. Diese Feststellung gilt f\u00fcr \nalle innerhalb des eigenen Internetangebotes gesetzten Links und \nVerweise sowie f\u00fcr Fremdeintr\u00e4ge in vom Autor eingerichteten \nG\u00e4steb\u00fcchern, Diskussionsforen und Mailinglisten. F\u00fcr illegale, \nfehlerhafte oder unvollst\u00e4ndige Inhalte und insbesondere f\u00fcr Sch\u00e4den, \ndie aus der Nutzung oder Nichtnutzung solcherart dargebotener \nInformationen entstehen, haftet allein der Anbieter der Seite, auf \nwelche verwiesen wurde, nicht derjenige, der \u00fcber Links auf die \njeweilige Ver\u00f6ffentlichung lediglich verweist.<\/p>\n\n\n\n<hr class=\"wp-block-separator\"\/>\n\n\n\n<h3 class=\"wp-block-heading\">Urheberrechte<\/h3>\n\n\n\n<p>Der Autor ist bestrebt, in allen Publikationen die Urheberrechte der \nverwendeten Grafiken, Tondokumente, Videosequenzen und Texte zu \nbeachten, von ihm selbst erstellte Grafiken, Tondokumente, \nVideosequenzen und Texte zu nutzen oder auf lizenzfreie Grafiken, \nTondokumente, Videosequenzen und Texte zur\u00fcckzugreifen. Alle innerhalb \ndes Internetangebotes genannten und ggf. durch Dritte gesch\u00fctzten \nMarken- und Warenzeichen unterliegen uneingeschr\u00e4nkt den Bestimmungen \ndes jeweils g\u00fcltigen Kennzeichenrechts und den Besitzrechten der \njeweiligen eingetragenen Eigent\u00fcmer. Allein aufgrund der blo\u00dfen Nennung \nist nicht der Schlu\u00df zu ziehen, dass Markenzeichen nicht durch Rechte \nDritter gesch\u00fctzt sind! Das Copyright f\u00fcr ver\u00f6ffentlichte, vom Autor \nselbst erstellte Objekte bleibt allein beim Autor der Seiten. Eine \nVervielf\u00e4ltigung oder Verwendung solcher Grafiken, Tondokumente, \nVideosequenzen und Texte in anderen elektronischen oder gedruckten \nPublikationen ist ohne ausdr\u00fcckliche Zustimmung des Autors nicht \ngestattet.<\/p>\n\n\n\n<hr class=\"wp-block-separator\"\/>\n\n\n\n<h3 class=\"wp-block-heading\">Rechtswirksamkeit dieses Haftungsausschlusses<\/h3>\n\n\n\n<p>Dieser Haftungsausschluss ist als Teil des Internetangebotes zu \nbetrachten, von dem aus auf diese Seite verwiesen wurde. Sofern Teile \noder einzelne Formulierungen dieses Textes der geltenden Rechtslage \nnicht, nicht mehr oder nicht vollst\u00e4ndig entsprechen sollten, bleiben \ndie \u00fcbrigen Teile des Dokumentes in ihrem Inhalt und ihrer G\u00fcltigkeit \ndavon unber\u00fchrt.<\/p>\n<\/div><\/div>\n","protected":false},"excerpt":{"rendered":"","protected":false},"author":3,"featured_media":675,"parent":0,"menu_order":90,"comment_status":"closed","ping_status":"closed","template":"","meta":{"impuls_gutenberg_page_icon_class":"","footnotes":""},"class_list":["post-64","page","type-page","status-publish","has-post-thumbnail","hentry"],"_links":{"self":[{"href":"https:\/\/hugokemmerich.de\/en\/wp-json\/wp\/v2\/pages\/64","targetHints":{"allow":["GET"]}}],"collection":[{"href":"https:\/\/hugokemmerich.de\/en\/wp-json\/wp\/v2\/pages"}],"about":[{"href":"https:\/\/hugokemmerich.de\/en\/wp-json\/wp\/v2\/types\/page"}],"author":[{"embeddable":true,"href":"https:\/\/hugokemmerich.de\/en\/wp-json\/wp\/v2\/users\/3"}],"replies":[{"embeddable":true,"href":"https:\/\/hugokemmerich.de\/en\/wp-json\/wp\/v2\/comments?post=64"}],"version-history":[{"count":18,"href":"https:\/\/hugokemmerich.de\/en\/wp-json\/wp\/v2\/pages\/64\/revisions"}],"predecessor-version":[{"id":841,"href":"https:\/\/hugokemmerich.de\/en\/wp-json\/wp\/v2\/pages\/64\/revisions\/841"}],"wp:featuredmedia":[{"embeddable":true,"href":"https:\/\/hugokemmerich.de\/en\/wp-json\/wp\/v2\/media\/675"}],"wp:attachment":[{"href":"https:\/\/hugokemmerich.de\/en\/wp-json\/wp\/v2\/media?parent=64"}],"curies":[{"name":"wp","href":"https:\/\/api.w.org\/{rel}","templated":true}]}}