{"id":593,"date":"2019-12-05T13:20:24","date_gmt":"2019-12-05T12:20:24","guid":{"rendered":"https:\/\/hugokemmerich.de\/?page_id=593"},"modified":"2020-02-24T10:23:37","modified_gmt":"2020-02-24T09:23:37","slug":"drehen-cnc","status":"publish","type":"page","link":"https:\/\/hugokemmerich.de\/en\/leistungen\/drehen-cnc\/","title":{"rendered":"Drehen-CNC"},"content":{"rendered":"\n<div class=\"wp-block-impuls-additional-containers-section  has-no-text-color has-no-background-color has-no-background-image\" style=\"background-image:none\"><div class=\"InnerContent\">\n<h2 class=\"wp-block-heading\">Von einfach bis komplex<\/h2>\n\n\n\n<div class=\"wp-block-columns has-2-columns is-layout-flex wp-container-core-columns-is-layout-9d6595d7 wp-block-columns-is-layout-flex\">\n<div class=\"wp-block-column is-layout-flow wp-block-column-is-layout-flow\">\n<p>Kompliziert geformte Metallwerkst\u00fccke in kleinen oder mittleren Serien, pr\u00e4zise geplant und sorgf\u00e4ltig umgesetzt mittels moderner CNC-Drehtechnik, besonders auch mit schwer zerspanbaren Sonderwerkstoffen \u2013 solche Herausforderungen sind unsere Kernkompetenz. <\/p>\n\n\n\n<p>Aber selbstverst\u00e4ndlich helfen wir Ihnen auch bei weniger komplexen Aufgaben. <\/p>\n<\/div>\n\n\n\n<div class=\"wp-block-column is-layout-flow wp-block-column-is-layout-flow\">\n<p>Wir verstehen Qualit\u00e4t als Arbeit im Detail, die wir im speziell eingerichteten Messraum permanent \u00fcberpr\u00fcfen.<\/p>\n\n\n\n<p><strong>Wir drehen in zwei und vier Achsen Werkst\u00fccke mit einem Gewicht bis zu 10 t mit einem Durchmesser bis 1.825 mm und bis zu 5.000 mm Drehl\u00e4nge.<\/strong><\/p>\n<\/div>\n<\/div>\n<\/div><\/div>\n\n\n\n<div class=\"wp-block-impuls-additional-containers-section alignfull  has-no-text-color has-gray-background-color has-background-color has-no-background-image\" style=\"background-image:none\"><div class=\"InnerContent\">\n<p><strong>Dabei setzen wir auf unseren umfangreichen Maschinenpark:<\/strong><\/p>\n\n\n\n<figure class=\"wp-block-table\"><table class=\"\"><tbody><tr><td><strong>Technische Daten<\/strong><\/td><td><strong>Drehdurchmesser \u00fcber Bett<\/strong><\/td><td><strong>Drehdurchmesser \u00fcber Schlitten<\/strong><\/td><td><strong>Spitzenweite \/ Drehh\u00f6he<\/strong><\/td><\/tr><tr><td>OKUMA LB 25<\/td><td>450<\/td><td>280<\/td><td>1.250<\/td><\/tr><tr><td>OKUMA LB 300-M<\/td><td>530<\/td><td>340<\/td><td>1.020<\/td><\/tr><tr><td>2x OKUMA LC 40<\/td><td>600<\/td><td>470<\/td><td>1.250<\/td><\/tr><tr><td>WEILER  E-70<\/td><td>720<\/td><td>430<\/td><td>2.000<\/td><\/tr><tr><td>2x OKUMA V80R <\/td><td>950<\/td><td>800<\/td><td>840<\/td><\/tr><tr><td>3x OKUMA V100R<\/td><td>1.200<\/td><td>1.000<\/td><td>890<\/td><\/tr><tr><td>TOS CNC 125 S<\/td><td>1.250<\/td><td>940<\/td><td>5.000<\/td><\/tr><tr><td>FRORIEP KE12<\/td><td>1.370<\/td><td>&#8211;<\/td><td>1.150<\/td><\/tr><tr><td>WEILER E-175<\/td><td>1.825<\/td><td>1.280<\/td><td>4.000<\/td><\/tr><\/tbody><\/table><\/figure>\n\n\n\n<p>Alle Angaben in mm<\/p>\n<\/div><\/div>\n","protected":false},"excerpt":{"rendered":"","protected":false},"author":3,"featured_media":661,"parent":10,"menu_order":0,"comment_status":"closed","ping_status":"closed","template":"","meta":{"impuls_gutenberg_page_icon_class":"","footnotes":""},"class_list":["post-593","page","type-page","status-publish","has-post-thumbnail","hentry"],"_links":{"self":[{"href":"https:\/\/hugokemmerich.de\/en\/wp-json\/wp\/v2\/pages\/593","targetHints":{"allow":["GET"]}}],"collection":[{"href":"https:\/\/hugokemmerich.de\/en\/wp-json\/wp\/v2\/pages"}],"about":[{"href":"https:\/\/hugokemmerich.de\/en\/wp-json\/wp\/v2\/types\/page"}],"author":[{"embeddable":true,"href":"https:\/\/hugokemmerich.de\/en\/wp-json\/wp\/v2\/users\/3"}],"replies":[{"embeddable":true,"href":"https:\/\/hugokemmerich.de\/en\/wp-json\/wp\/v2\/comments?post=593"}],"version-history":[{"count":3,"href":"https:\/\/hugokemmerich.de\/en\/wp-json\/wp\/v2\/pages\/593\/revisions"}],"predecessor-version":[{"id":744,"href":"https:\/\/hugokemmerich.de\/en\/wp-json\/wp\/v2\/pages\/593\/revisions\/744"}],"up":[{"embeddable":true,"href":"https:\/\/hugokemmerich.de\/en\/wp-json\/wp\/v2\/pages\/10"}],"wp:featuredmedia":[{"embeddable":true,"href":"https:\/\/hugokemmerich.de\/en\/wp-json\/wp\/v2\/media\/661"}],"wp:attachment":[{"href":"https:\/\/hugokemmerich.de\/en\/wp-json\/wp\/v2\/media?parent=593"}],"curies":[{"name":"wp","href":"https:\/\/api.w.org\/{rel}","templated":true}]}}