{"id":46,"date":"2019-05-29T17:00:22","date_gmt":"2019-05-29T15:00:22","guid":{"rendered":"https:\/\/hugokemmerich.de\/?page_id=46"},"modified":"2020-04-17T17:06:59","modified_gmt":"2020-04-17T15:06:59","slug":"messraum","status":"publish","type":"page","link":"https:\/\/hugokemmerich.de\/en\/leistungen\/messraum\/","title":{"rendered":"Messraum"},"content":{"rendered":"\n<div class=\"wp-block-impuls-additional-containers-section  has-no-text-color has-no-background-color has-no-background-image\" style=\"background-image:none\"><div class=\"InnerContent\">\n<h2 class=\"wp-block-heading\">Pr\u00e4zision nach Ma\u00df<\/h2>\n\n\n\n<div class=\"wp-block-columns has-2-columns is-layout-flex wp-container-core-columns-is-layout-9d6595d7 wp-block-columns-is-layout-flex\">\n<div class=\"wp-block-column is-layout-flow wp-block-column-is-layout-flow\">\n<p>Qualit\u00e4t bedeutet: Konstante Leistungsdaten, verl\u00e4ssliche Arbeit bis ins Detail und pr\u00e4zise Ergebnisse. Das gilt f\u00fcr vordergr\u00fcndige Routineaufgaben ebenso wie f\u00fcr komplexe Spezialkonstruktionen.<\/p>\n\n\n\n<p>Alle Werkst\u00fccke, die von uns kommen passen, nahtlos in Ihre Fertigung. Wir sorgen daf\u00fcr, dass nachtr\u00e4gliche Anpassungen oder aufw\u00e4ndige Korrekturen nicht notwendig sind. <\/p>\n\n\n\n<p>Wir messen mit Genauigkeit und Pr\u00e4zision alle unsere Fertigungsergebnisse. Somit k\u00f6nnen wir sicherstellen, dass komplizierte Werkst\u00fcckkonturen, Passungen und Form- und Lagetoleranzen der Zeichnungsvorgabe entsprechen.<\/p>\n\n\n\n<p>\u00dcberall dort, wo klassische Messmittel nicht mehr ausreichen, kommt unsere Koordinaten-Messmaschine EURO M7106 zum Einsatz. <\/p>\n<\/div>\n\n\n\n<div class=\"wp-block-column is-layout-flow wp-block-column-is-layout-flow\">\n<figure class=\"wp-block-table\"><table><tbody><tr><td><strong>Technische Daten<\/strong><\/td><td><strong>Manuelles Koordinaten-Messger\u00e4t MITUTOYO EURO &#8211; M7106 <\/strong><\/td><\/tr><tr><td>Messbereich:<\/td><td><\/td><\/tr><tr><td>X-Achse<\/td><td>700<\/td><\/tr><tr><td>Y-Achse<\/td><td>1.000<\/td><\/tr><tr><td>Z-Achse<\/td><td>600<\/td><\/tr><\/tbody><\/table><\/figure>\n\n\n\n<p>Alle Angaben in mm<\/p>\n<\/div>\n<\/div>\n<\/div><\/div>\n","protected":false},"excerpt":{"rendered":"","protected":false},"author":3,"featured_media":833,"parent":10,"menu_order":50,"comment_status":"closed","ping_status":"closed","template":"","meta":{"impuls_gutenberg_page_icon_class":"","footnotes":""},"class_list":["post-46","page","type-page","status-publish","has-post-thumbnail","hentry"],"_links":{"self":[{"href":"https:\/\/hugokemmerich.de\/en\/wp-json\/wp\/v2\/pages\/46","targetHints":{"allow":["GET"]}}],"collection":[{"href":"https:\/\/hugokemmerich.de\/en\/wp-json\/wp\/v2\/pages"}],"about":[{"href":"https:\/\/hugokemmerich.de\/en\/wp-json\/wp\/v2\/types\/page"}],"author":[{"embeddable":true,"href":"https:\/\/hugokemmerich.de\/en\/wp-json\/wp\/v2\/users\/3"}],"replies":[{"embeddable":true,"href":"https:\/\/hugokemmerich.de\/en\/wp-json\/wp\/v2\/comments?post=46"}],"version-history":[{"count":6,"href":"https:\/\/hugokemmerich.de\/en\/wp-json\/wp\/v2\/pages\/46\/revisions"}],"predecessor-version":[{"id":834,"href":"https:\/\/hugokemmerich.de\/en\/wp-json\/wp\/v2\/pages\/46\/revisions\/834"}],"up":[{"embeddable":true,"href":"https:\/\/hugokemmerich.de\/en\/wp-json\/wp\/v2\/pages\/10"}],"wp:featuredmedia":[{"embeddable":true,"href":"https:\/\/hugokemmerich.de\/en\/wp-json\/wp\/v2\/media\/833"}],"wp:attachment":[{"href":"https:\/\/hugokemmerich.de\/en\/wp-json\/wp\/v2\/media?parent=46"}],"curies":[{"name":"wp","href":"https:\/\/api.w.org\/{rel}","templated":true}]}}