{"id":44,"date":"2019-05-29T16:00:59","date_gmt":"2019-05-29T14:00:59","guid":{"rendered":"https:\/\/hugokemmerich.de\/?page_id=44"},"modified":"2020-01-27T10:36:56","modified_gmt":"2020-01-27T09:36:56","slug":"cad-cam-systeme","status":"publish","type":"page","link":"https:\/\/hugokemmerich.de\/en\/leistungen\/cad-cam-systeme\/","title":{"rendered":"CAD\/CAM-Systeme"},"content":{"rendered":"\n<div class=\"wp-block-impuls-additional-containers-section  has-no-text-color has-no-background-color has-no-background-image\" style=\"background-image:none\"><div class=\"InnerContent\">\n<h2 class=\"wp-block-heading\">Modernste&nbsp;Technologie. H\u00f6chste Qualit\u00e4t.<\/h2>\n\n\n\n<div class=\"wp-block-columns has-2-columns is-layout-flex wp-container-core-columns-is-layout-9d6595d7 wp-block-columns-is-layout-flex\">\n<div class=\"wp-block-column is-layout-flow wp-block-column-is-layout-flow\">\n<p>Als qualit\u00e4ts- und&nbsp;zukunftsorientiertes Unternehmen arbeiten wir selbstverst\u00e4ndlich mit&nbsp;modernster Technologie. Hier setzen wir auf computergest\u00fctzte&nbsp;Konstruktion und Fertigung von Werkst\u00fccken.&nbsp;Diese&nbsp;Prozessautomatisierung erlaubt eine Vielzahl an&nbsp;Bearbeitungsm\u00f6glichkeiten und ein H\u00f6chstma\u00df an Genauigkeit. <\/p>\n<\/div>\n\n\n\n<div class=\"wp-block-column is-layout-flow wp-block-column-is-layout-flow\">\n<p>Zudem erh\u00f6ht der Einsatz intelligenter Software die Schnelligkeit, die Sicherheit der Prozesse sowie die Effizienz in der Auslastung der Maschinen. Damit sparen wir (und unsere Kunden) Kosten sowie Zeit und k\u00f6nnen beste Qualit\u00e4t bieten.<\/p>\n<\/div>\n<\/div>\n\n\n\n<p><\/p>\n<\/div><\/div>\n","protected":false},"excerpt":{"rendered":"","protected":false},"author":3,"featured_media":666,"parent":10,"menu_order":40,"comment_status":"closed","ping_status":"closed","template":"","meta":{"impuls_gutenberg_page_icon_class":"","footnotes":""},"class_list":["post-44","page","type-page","status-publish","has-post-thumbnail","hentry"],"_links":{"self":[{"href":"https:\/\/hugokemmerich.de\/en\/wp-json\/wp\/v2\/pages\/44","targetHints":{"allow":["GET"]}}],"collection":[{"href":"https:\/\/hugokemmerich.de\/en\/wp-json\/wp\/v2\/pages"}],"about":[{"href":"https:\/\/hugokemmerich.de\/en\/wp-json\/wp\/v2\/types\/page"}],"author":[{"embeddable":true,"href":"https:\/\/hugokemmerich.de\/en\/wp-json\/wp\/v2\/users\/3"}],"replies":[{"embeddable":true,"href":"https:\/\/hugokemmerich.de\/en\/wp-json\/wp\/v2\/comments?post=44"}],"version-history":[{"count":4,"href":"https:\/\/hugokemmerich.de\/en\/wp-json\/wp\/v2\/pages\/44\/revisions"}],"predecessor-version":[{"id":667,"href":"https:\/\/hugokemmerich.de\/en\/wp-json\/wp\/v2\/pages\/44\/revisions\/667"}],"up":[{"embeddable":true,"href":"https:\/\/hugokemmerich.de\/en\/wp-json\/wp\/v2\/pages\/10"}],"wp:featuredmedia":[{"embeddable":true,"href":"https:\/\/hugokemmerich.de\/en\/wp-json\/wp\/v2\/media\/666"}],"wp:attachment":[{"href":"https:\/\/hugokemmerich.de\/en\/wp-json\/wp\/v2\/media?parent=44"}],"curies":[{"name":"wp","href":"https:\/\/api.w.org\/{rel}","templated":true}]}}