{"id":41,"date":"2019-05-29T13:00:31","date_gmt":"2019-05-29T11:00:31","guid":{"rendered":"https:\/\/hugokemmerich.de\/en\/?page_id=41"},"modified":"2020-10-21T12:08:44","modified_gmt":"2020-10-21T10:08:44","slug":"fraesen-cnc","status":"publish","type":"page","link":"https:\/\/hugokemmerich.de\/en\/leistungen\/fraesen-cnc\/","title":{"rendered":"CNC-Drehen\/Fr\u00e4sen"},"content":{"rendered":"\n<div class=\"wp-block-impuls-additional-containers-section  has-no-text-color has-no-background-color has-no-background-image\" style=\"background-image:none\"><div class=\"InnerContent\">\n<h2 class=\"wp-block-heading\">In bestform<\/h2>\n\n\n\n<div class=\"wp-block-columns has-2-columns is-layout-flex wp-container-core-columns-is-layout-9d6595d7 wp-block-columns-is-layout-flex\">\n<div class=\"wp-block-column is-layout-flow wp-block-column-is-layout-flow\">\n<p>Wir bringen Ihre Werkst\u00fccke in Form, unabh\u00e4ngig von Material, Gr\u00f6\u00dfe oder Konstruktionsw\u00fcnschen \u2013 mittels professioneller CNC-Zerspanung, auch wenn es ums Fr\u00e4sen geht. <\/p>\n\n\n\n<p>Vertrauen Sie auf hohe Leistungsf\u00e4higkeit und konstante Pr\u00e4zision. <\/p>\n<\/div>\n\n\n\n<div class=\"wp-block-column is-layout-flow wp-block-column-is-layout-flow\">\n<p>Unser Spektrum erstreckt sich vom kleinsten <strong>Fr\u00e4steil<\/strong> bis zum f\u00fcnf Tonnen schweren Freiform-Schmiedest\u00fcck. Hierf\u00fcr stehen vier CNC-Bearbeitungszentren mit einer Gr\u00f6\u00dfe bis zu <strong>X=4.800 x Y=1.500 x Z=1.460 mm<\/strong> und zu <strong>4 Achsen<\/strong> zur Verf\u00fcgung. <\/p>\n<\/div>\n<\/div>\n<\/div><\/div>\n\n\n\n<div class=\"wp-block-impuls-additional-containers-section alignfull  has-no-text-color has-gray-background-color has-background-color has-no-background-image\" style=\"background-image:none\"><div class=\"InnerContent\">\n<p><strong>Wir fr\u00e4sen vertikal und horizontal mit modernster Technik: <\/strong><\/p>\n\n\n\n<figure class=\"wp-block-table\"><table><tbody><tr><td><strong>Technische Daten<\/strong><\/td><td><strong>Verfahrwege:<\/strong><\/td><td> <strong>X<\/strong><\/td><td><strong>Y<\/strong><\/td><td><strong>Z<\/strong><\/td><td><strong>Tisch Spannfl\u00e4che <\/strong><\/td><\/tr><tr><td>MACMON M-400<\/td><td><\/td><td>630<\/td><td>450<\/td><td>380<\/td><td>800 x 500<\/td><\/tr><tr><td>Horizontal &#8211; Bearbeitungszentrum OKUMA  MA50-HB<\/td><td><\/td><td>700<\/td><td>800<\/td><td>700<\/td><td>500 x 500<\/td><\/tr><tr><td>Vertikal- Bearbeitungszentrum OKUMA  MC &#8211; VAE<\/td><td><\/td><td>1.250<\/td><td>630<\/td><td>610<\/td><td>1.400 x 630<\/td><\/tr><tr><td>CNC-Fahrst\u00e4nder-Fr\u00e4smaschine ANAYAK HVM-5000-P<\/td><td><\/td><td>4.800<\/td><td>1.500<\/td><td>1.460<\/td><td>5.000 x 1.000<\/td><\/tr><\/tbody><\/table><\/figure>\n\n\n\n<p>Alle Angaben in mm<\/p>\n<\/div><\/div>\n\n\n\n<p><\/p>\n","protected":false},"excerpt":{"rendered":"","protected":false},"author":3,"featured_media":662,"parent":10,"menu_order":10,"comment_status":"closed","ping_status":"closed","template":"","meta":{"impuls_gutenberg_page_icon_class":"","footnotes":""},"class_list":["post-41","page","type-page","status-publish","has-post-thumbnail","hentry"],"_links":{"self":[{"href":"https:\/\/hugokemmerich.de\/en\/wp-json\/wp\/v2\/pages\/41","targetHints":{"allow":["GET"]}}],"collection":[{"href":"https:\/\/hugokemmerich.de\/en\/wp-json\/wp\/v2\/pages"}],"about":[{"href":"https:\/\/hugokemmerich.de\/en\/wp-json\/wp\/v2\/types\/page"}],"author":[{"embeddable":true,"href":"https:\/\/hugokemmerich.de\/en\/wp-json\/wp\/v2\/users\/3"}],"replies":[{"embeddable":true,"href":"https:\/\/hugokemmerich.de\/en\/wp-json\/wp\/v2\/comments?post=41"}],"version-history":[{"count":21,"href":"https:\/\/hugokemmerich.de\/en\/wp-json\/wp\/v2\/pages\/41\/revisions"}],"predecessor-version":[{"id":846,"href":"https:\/\/hugokemmerich.de\/en\/wp-json\/wp\/v2\/pages\/41\/revisions\/846"}],"up":[{"embeddable":true,"href":"https:\/\/hugokemmerich.de\/en\/wp-json\/wp\/v2\/pages\/10"}],"wp:featuredmedia":[{"embeddable":true,"href":"https:\/\/hugokemmerich.de\/en\/wp-json\/wp\/v2\/media\/662"}],"wp:attachment":[{"href":"https:\/\/hugokemmerich.de\/en\/wp-json\/wp\/v2\/media?parent=41"}],"curies":[{"name":"wp","href":"https:\/\/api.w.org\/{rel}","templated":true}]}}