{"id":258,"date":"2019-06-14T08:58:31","date_gmt":"2019-06-14T06:58:31","guid":{"rendered":"https:\/\/hugokemmerich.de\/?page_id=258"},"modified":"2020-10-21T12:25:00","modified_gmt":"2020-10-21T10:25:00","slug":"maschinenpark","status":"publish","type":"page","link":"https:\/\/hugokemmerich.de\/en\/unternehmen\/maschinenpark\/","title":{"rendered":"Maschinenpark"},"content":{"rendered":"\n<div class=\"wp-block-impuls-additional-containers-section  has-no-text-color has-no-background-color has-no-background-image\" style=\"background-image:none\"><div class=\"InnerContent\">\n<h2 class=\"wp-block-heading\">Auf dem neuesten Stand<\/h2>\n\n\n\n<div class=\"wp-block-columns has-2-columns is-layout-flex wp-container-core-columns-is-layout-9d6595d7 wp-block-columns-is-layout-flex\">\n<div class=\"wp-block-column is-layout-flow wp-block-column-is-layout-flow\">\n<p>Der Erfolg unserer Arbeit h\u00e4ngt von Know-how und Qualit\u00e4tsbewusstsein unserer Mitarbeiter ebenso ab wie von Kundenorientierung und Leistungsbereitschaft. Genauso wichtig ist aber die richtige technische Ausstattung. <\/p>\n\n\n\n<p>Die Anforderungen am Markt ver\u00e4ndern sich permanent und auch die Hugo Kemmerich GmbH w\u00e4chst mit ihren Kunden und deren Projekten. So k\u00f6nnen wir seit 2009 Werkst\u00fccke mit einem Gewicht bis zu 12 Tonnen bearbeiten.<\/p>\n<\/div>\n\n\n\n<div class=\"wp-block-column is-layout-flow wp-block-column-is-layout-flow\">\n<p>Hochmodern auf der H\u00f6he der Technik, in Kapazit\u00e4t und Leistung nah am Markt, und vor allen Dingen gepflegt und in Schuss gehalten durch konsequente Wartung \u2013 das ist unser Maschinenpark.<\/p>\n\n\n\n<p><strong>Unsere Arbeitsbereiche:<\/strong><\/p>\n\n\n<ul class=\"leistung_list_wrapper\"><li><a href=\"https:\/\/hugokemmerich.de\/en\/leistungen\/drehen-cnc\/\">Drehen-CNC<\/a><\/li><li><a href=\"https:\/\/hugokemmerich.de\/en\/leistungen\/fraesen-cnc\/\">CNC-Drehen\/Fr\u00e4sen<\/a><\/li><li><a href=\"https:\/\/hugokemmerich.de\/en\/leistungen\/bohren-und-saegen\/\">Bohren und S\u00e4gen<\/a><\/li><li><a href=\"https:\/\/hugokemmerich.de\/en\/leistungen\/drehen-konventionell\/\">Drehen konventionell<\/a><\/li><li><a href=\"https:\/\/hugokemmerich.de\/en\/leistungen\/cad-cam-systeme\/\">CAD\/CAM-Systeme<\/a><\/li><li><a href=\"https:\/\/hugokemmerich.de\/en\/leistungen\/messraum\/\">Messraum<\/a><\/li><li><a href=\"https:\/\/hugokemmerich.de\/en\/leistungen\/spezialwerzeugbau\/\">Spezialwerkzeuge<\/a><\/li><\/ul>\n<\/div>\n<\/div>\n<\/div><\/div>\n\n\n\n<div class=\"wp-block-impuls-additional-containers-section alignfull  has-no-text-color has-gray-background-color has-background-color has-no-background-image\" style=\"background-image:none\"><div class=\"InnerContent\">\n<h3 class=\"wp-block-heading\">Drehen-CNC<\/h3>\n\n\n\n<figure class=\"wp-block-table\"><table><tbody><tr><td><strong>Technische Daten<\/strong><\/td><td><strong>Drehdurchmesser \u00fcber Bett<\/strong><\/td><td><strong>Drehdurchmesser \u00fcber Schlitten<\/strong><\/td><td><strong>Spitzenweite\/ Drehh\u00f6he<\/strong><\/td><\/tr><tr><td>OKUMA LB 25<\/td><td>450<\/td><td>280<\/td><td>1.250<\/td><\/tr><tr><td>OKUMA LB 300-M<\/td><td>530<\/td><td>340<\/td><td>1.020<\/td><\/tr><tr><td>2x OKUMA LC 40<\/td><td>600<\/td><td>470<\/td><td>1.250<\/td><\/tr><tr><td>WEILER  E-70<\/td><td>720<\/td><td>430<\/td><td>2.000<\/td><\/tr><tr><td>2x OKUMA V80R <\/td><td>950<\/td><td>800<\/td><td>840<\/td><\/tr><tr><td>3x OKUMA V100R<\/td><td>1.200<\/td><td>1.000<\/td><td>890<\/td><\/tr><tr><td>TOS CNC 125 S<\/td><td>1.250<\/td><td>940<\/td><td>5.000<\/td><\/tr><tr><td>FRORIEP KE12<\/td><td>1.370<\/td><td>&#8211;<\/td><td>1.150<\/td><\/tr><tr><td>WEILER E-175<\/td><td>1.825<\/td><td>1.280<\/td><td>4.000<\/td><\/tr><\/tbody><\/table><\/figure>\n\n\n\n<p>Alle Angaben in mm<\/p>\n<\/div><\/div>\n\n\n\n<div class=\"wp-block-impuls-additional-containers-section alignfull  has-no-text-color has-no-background-color has-no-background-image\" style=\"background-image:none\"><div class=\"InnerContent\">\n<h3 class=\"wp-block-heading\">Fr\u00e4sen-CNC<\/h3>\n\n\n\n<figure class=\"wp-block-table\"><table><tbody><tr><td><strong>Technische Daten<\/strong><\/td><td><strong>Verfahrwege:<\/strong><\/td><td> <strong>X<\/strong><\/td><td><strong>Y<\/strong><\/td><td><strong>Z<\/strong><\/td><td><strong>Tisch Spannfl\u00e4che <\/strong><\/td><\/tr><tr><td>MACMON M-400<\/td><td><\/td><td>630<\/td><td>450<\/td><td>380<\/td><td>800 x 500<\/td><\/tr><tr><td>Horizontal &#8211; Bearbeitungszentrum OKUMA  MA50-HB<\/td><td><\/td><td>700<\/td><td>800<\/td><td>700<\/td><td>500 x 500<\/td><\/tr><tr><td>Vertikal- Bearbeitungszentrum OKUMA  MC &#8211; VAE<\/td><td><\/td><td>1.250<\/td><td>630<\/td><td>610<\/td><td>1.400 x 630<\/td><\/tr><tr><td>CNC-Fahrst\u00e4nder-Fr\u00e4smaschine ANAYAK HVM-5000-P<\/td><td><\/td><td>4.800<\/td><td>1.500<\/td><td>1.460<\/td><td>5.000 x 1.000<\/td><\/tr><\/tbody><\/table><\/figure>\n\n\n\n<p>Alle Angaben in mm<\/p>\n<\/div><\/div>\n\n\n\n<div class=\"wp-block-impuls-additional-containers-section alignfull  has-no-text-color has-gray-background-color has-background-color has-no-background-image\" style=\"background-image:none\"><div class=\"InnerContent\">\n<h3 class=\"wp-block-heading\">Bohren<\/h3>\n\n\n\n<figure class=\"wp-block-table\"><table><tbody><tr><td><strong>Technische Daten<\/strong><\/td><td><strong>Bohren:<\/strong><\/td><td><strong>Ausleger<\/strong><\/td><td><strong>Spindel \u00d8<\/strong><\/td><td><strong>Bohr \u00d8<\/strong><\/td><td><strong>Bohrtiefe<\/strong><\/td><td><strong>Sonstiges:<\/strong><\/td><\/tr><tr><td>Radialbohrmaschine RABOMA<\/td><td><\/td><td>1.200<\/td><td>80<\/td><td>65<\/td><td>350<\/td><td>schwenkbarer  Winkeltisch<\/td><\/tr><tr><td>St\u00e4nderbohrmaschine ALZMETALL<\/td><td><\/td><td>270<\/td><td>50<\/td><td>30<\/td><td>180<\/td><td><\/td><\/tr><\/tbody><\/table><\/figure>\n\n\n\n<p>Alle Angaben in mm<\/p>\n<\/div><\/div>\n\n\n\n<div class=\"wp-block-impuls-additional-containers-section alignfull  has-no-text-color has-no-background-color has-no-background-image\" style=\"background-image:none\"><div class=\"InnerContent\">\n<h3 class=\"wp-block-heading\">S\u00e4gen<\/h3>\n\n\n\n<figure class=\"wp-block-table\"><table><tbody><tr><td><strong>Technische Daten<\/strong><\/td><td><strong>S\u00e4gen:<\/strong><\/td><td><strong> max. S\u00e4ge \u00d8<\/strong><\/td><td><strong>max. S\u00e4ge Vk <\/strong><\/td><td><strong>Sonstiges:<\/strong><\/td><\/tr><tr><td>Bands\u00e4geautomat BEHRINGER 530<\/td><td><\/td><td>530<\/td><td>520<\/td><td>automatischer  Stangenvorschub, <br>Einrichtung zum Ringes\u00e4gen bis D=520<\/td><\/tr><tr><td>B\u00fcgels\u00e4geautomat KASTO BA 260<\/td><td><\/td><td>260<\/td><td><\/td><td><\/td><\/tr><\/tbody><\/table><\/figure>\n\n\n\n<p>Alle Angaben in mm<\/p>\n<\/div><\/div>\n\n\n\n<div class=\"wp-block-impuls-additional-containers-section alignfull  has-no-text-color has-gray-background-color has-background-color has-no-background-image\" style=\"background-image:none\"><div class=\"InnerContent\">\n<h3 class=\"wp-block-heading\">Drehen konventionell<\/h3>\n\n\n\n<figure class=\"wp-block-table\"><table><tbody><tr><td><strong>Technische Daten<\/strong><\/td><td><strong> Drehdurchmesser \u00fcber Bett<\/strong><\/td><td><strong>Drehdurchmesser \u00fcber Schlitten<\/strong><\/td><td><strong>Planscheibe Durchmesser<\/strong><\/td><td><strong>Spitzenweite<\/strong><\/td><\/tr><tr><td>WEILER<\/td><td>300<\/td><td>80<\/td><td><\/td><td>600<\/td><\/tr><tr><td>WEILER E70<\/td><td>720<\/td><td>430<\/td><td><\/td><td>2000<\/td><\/tr><tr><td>TOS SUI 50 A\/200<\/td><td>500<\/td><td>320<\/td><td>500<\/td><td>2.000<\/td><\/tr><tr><td>WEIPERT<\/td><td>650<\/td><td>420<\/td><td>600<\/td><td>1.500<\/td><\/tr><tr><td>WEISSER GIGANT <\/td><td>700<\/td><td>450<\/td><td>700<\/td><td>2.000<\/td><\/tr><\/tbody><\/table><\/figure>\n\n\n\n<p>Alle Angaben in mm <\/p>\n<\/div><\/div>\n","protected":false},"excerpt":{"rendered":"","protected":false},"author":3,"featured_media":671,"parent":18,"menu_order":10,"comment_status":"closed","ping_status":"closed","template":"","meta":{"impuls_gutenberg_page_icon_class":"","footnotes":""},"class_list":["post-258","page","type-page","status-publish","has-post-thumbnail","hentry"],"_links":{"self":[{"href":"https:\/\/hugokemmerich.de\/en\/wp-json\/wp\/v2\/pages\/258","targetHints":{"allow":["GET"]}}],"collection":[{"href":"https:\/\/hugokemmerich.de\/en\/wp-json\/wp\/v2\/pages"}],"about":[{"href":"https:\/\/hugokemmerich.de\/en\/wp-json\/wp\/v2\/types\/page"}],"author":[{"embeddable":true,"href":"https:\/\/hugokemmerich.de\/en\/wp-json\/wp\/v2\/users\/3"}],"replies":[{"embeddable":true,"href":"https:\/\/hugokemmerich.de\/en\/wp-json\/wp\/v2\/comments?post=258"}],"version-history":[{"count":19,"href":"https:\/\/hugokemmerich.de\/en\/wp-json\/wp\/v2\/pages\/258\/revisions"}],"predecessor-version":[{"id":847,"href":"https:\/\/hugokemmerich.de\/en\/wp-json\/wp\/v2\/pages\/258\/revisions\/847"}],"up":[{"embeddable":true,"href":"https:\/\/hugokemmerich.de\/en\/wp-json\/wp\/v2\/pages\/18"}],"wp:featuredmedia":[{"embeddable":true,"href":"https:\/\/hugokemmerich.de\/en\/wp-json\/wp\/v2\/media\/671"}],"wp:attachment":[{"href":"https:\/\/hugokemmerich.de\/en\/wp-json\/wp\/v2\/media?parent=258"}],"curies":[{"name":"wp","href":"https:\/\/api.w.org\/{rel}","templated":true}]}}