{"id":2,"date":"2019-05-28T17:01:43","date_gmt":"2019-05-28T15:01:43","guid":{"rendered":"https:\/\/hugokemmerich.de\/?page_id=2"},"modified":"2020-03-25T13:24:04","modified_gmt":"2020-03-25T12:24:04","slug":"beispiel-seite","status":"publish","type":"page","link":"https:\/\/hugokemmerich.de\/en\/","title":{"rendered":"Startseite"},"content":{"rendered":"\n<div class=\"wp-block-impuls-additional-containers-section alignfull  has-no-text-color has-blue-background-color has-background-color has-no-background-image leistung_overview_section\" style=\"background-image:none\"><div class=\"InnerContent\"><div class=\"leistung_overview_wrapper\"><a href=\"https:\/\/hugokemmerich.de\/en\/leistungen\/drehen-cnc\/\"><div style=\"width: calc(100% \/ 7);\" class=\"leistung_overviw_block drehen-cnc\"><div class=\"tooltip_container\"><div class=\"tooltip\"><span>Drehen-CNC<\/span><\/div><\/div><div class=\"block-icon drehen-cnc\" style=\"background: url(https:\/\/hugokemmerich.de\/wp-content\/uploads\/2019\/12\/drehen-cnc.svg);\"><\/div><p>Drehen-CNC<\/p><\/div><\/a><a href=\"https:\/\/hugokemmerich.de\/en\/leistungen\/fraesen-cnc\/\"><div style=\"width: calc(100% \/ 7);\" class=\"leistung_overviw_block fraesen-cnc\"><div class=\"tooltip_container\"><div class=\"tooltip\"><span>CNC-Drehen\/Fr\u00e4sen<\/span><\/div><\/div><div class=\"block-icon fraesen-cnc\" style=\"background: url(https:\/\/hugokemmerich.de\/wp-content\/uploads\/2019\/06\/cnc-drehen-fraesen.svg);\"><\/div><p>CNC-Drehen\/Fr\u00e4sen<\/p><\/div><\/a><a href=\"https:\/\/hugokemmerich.de\/en\/leistungen\/bohren-und-saegen\/\"><div style=\"width: calc(100% \/ 7);\" class=\"leistung_overviw_block bohren-und-saegen\"><div class=\"tooltip_container\"><div class=\"tooltip\"><span>Bohren und S\u00e4gen<\/span><\/div><\/div><div class=\"block-icon bohren-und-saegen\" style=\"background: url(https:\/\/hugokemmerich.de\/wp-content\/uploads\/2019\/06\/saegen-bohren.svg);\"><\/div><p>Bohren und S\u00e4gen<\/p><\/div><\/a><a href=\"https:\/\/hugokemmerich.de\/en\/leistungen\/drehen-konventionell\/\"><div style=\"width: calc(100% \/ 7);\" class=\"leistung_overviw_block drehen-konventionell\"><div class=\"tooltip_container\"><div class=\"tooltip\"><span>Drehen konventionell<\/span><\/div><\/div><div class=\"block-icon drehen-konventionell\" style=\"background: url(https:\/\/hugokemmerich.de\/wp-content\/uploads\/2019\/06\/drehen-konventionell.svg);\"><\/div><p>Drehen konventionell<\/p><\/div><\/a><a href=\"https:\/\/hugokemmerich.de\/en\/leistungen\/cad-cam-systeme\/\"><div style=\"width: calc(100% \/ 7);\" class=\"leistung_overviw_block cad-cam-systeme\"><div class=\"tooltip_container\"><div class=\"tooltip\"><span>CAD\/CAM-Systeme<\/span><\/div><\/div><div class=\"block-icon cad-cam-systeme\" style=\"background: url(https:\/\/hugokemmerich.de\/wp-content\/uploads\/2019\/06\/cad-cam.svg);\"><\/div><p>CAD\/CAM-Systeme<\/p><\/div><\/a><a href=\"https:\/\/hugokemmerich.de\/en\/leistungen\/messraum\/\"><div style=\"width: calc(100% \/ 7);\" class=\"leistung_overviw_block messraum\"><div class=\"tooltip_container\"><div class=\"tooltip\"><span>Messraum<\/span><\/div><\/div><div class=\"block-icon messraum\" style=\"background: url(https:\/\/hugokemmerich.de\/wp-content\/uploads\/2019\/06\/3d-messung.svg);\"><\/div><p>Messraum<\/p><\/div><\/a><a href=\"https:\/\/hugokemmerich.de\/en\/leistungen\/spezialwerzeugbau\/\"><div style=\"width: calc(100% \/ 7);\" class=\"leistung_overviw_block spezialwerzeugbau\"><div class=\"tooltip_container\"><div class=\"tooltip\"><span>Spezialwerkzeuge<\/span><\/div><\/div><div class=\"block-icon spezialwerzeugbau\" style=\"background: url(https:\/\/hugokemmerich.de\/wp-content\/uploads\/2019\/06\/spezialwerkzeuge-1.svg);\"><\/div><p>Spezialwerkzeuge<\/p><\/div><\/a><\/div>\n<\/div><\/div>\n\n\n\n<div class=\"wp-block-impuls-additional-containers-section alignfull  has-no-text-color has-no-background-color has-no-background-image img_full_width_right\" style=\"background-image:none\"><div class=\"InnerContent\">\n<div class=\"wp-block-columns has-2-columns is-layout-flex wp-container-core-columns-is-layout-9d6595d7 wp-block-columns-is-layout-flex\">\n<div class=\"wp-block-column is-layout-flow wp-block-column-is-layout-flow\">\n<h2 class=\"wp-block-heading\">Der Erfolg liegt im Detail \u2026<\/h2>\n\n\n\n<p>\u2026 und oft genug sind es die unscheinbaren Dinge, die \u00fcber die \nQualit\u00e4t Ihrer Produkte entscheiden: Jene Teile, die pr\u00e4zise Ma\u00dfarbeit \nerfordern, mit konstanter Qualit\u00e4t und hoher Flexibilit\u00e4t. <\/p>\n\n\n\n<p>Vom kleinsten Feingussteil mit f\u00fcnf Gramm Gewicht bis zum sechs \nTonnen schweren Freiform-Schmiedest\u00fcck, von der einfachsten Form bis zur\n ausgefallensten Spezialkonstruktion, schwer zerspanbare \nSonderwerkstoffe wie Nickelbasis- und Titanlegierungen oder \nStandardmaterialien: Wir setzen uns f\u00fcr gro\u00dfe und kleine, komplexe und \nroutinierte Aufgaben voll ein. <\/p>\n\n\n\n<p>Die Zufriedenheit unserer Kunden steht dabei immer im Vordergrund. \nMit kompetentem Full-Service, pers\u00f6nlichem Kontakt, qualifizierten \nMitarbeitern und moderner Technik betreuen wir namhafte Konzerne aus der\n Automobilindustrie, der Luft- und Raumfahrttechnik und dem \nKraftwerksbau ebenso wie mittelst\u00e4ndische Familienbetriebe. <\/p>\n\n\n\n<p>Lernen Sie hier unser Leistungsspektrum kennen \u2013 und die Technik, die dahintersteckt.<\/p>\n\n\n\n<div class=\"wp-block-button\"><a class=\"wp-block-button__link\" href=\"https:\/\/hugokemmerich.de\/unternehmen\/\">mehr erfahren<\/a><\/div>\n<\/div>\n\n\n\n<div class=\"wp-block-column is-layout-flow wp-block-column-is-layout-flow\">\n<figure class=\"wp-block-image\"><img decoding=\"async\" src=\"https:\/\/hugokemmerich.de\/wp-content\/uploads\/2019\/06\/startseite-bauteil-02.jpg\" alt=\"Bauteil\" class=\"wp-image-411\"\/><\/figure>\n<\/div>\n<\/div>\n<\/div><\/div>\n\n\n\n<div class=\"wp-block-impuls-additional-containers-section alignfull  has-no-text-color has-blue-background-color has-background-color has-no-background-image full_width_content\" style=\"background-image:none\"><div class=\"InnerContent\"><div class=\"site_overview_wrapper\"><div class=\"site_overview_block\" style=\"background-image: url(https:\/\/hugokemmerich.de\/wp-content\/uploads\/2020\/03\/hugo-kemmerich-leistungen.jpg); max-width: 33.333333333333%\"><a href=\"https:\/\/hugokemmerich.de\/en\/leistungen\/\"><div class=\"site_overview_block_content\"><h2>Leistungen<\/h2><p>Full-Service \u2013 von der Beschaffung der Materialien bis zur Auslieferung.<\/p><div class=\"more_button\"><span>read more<\/span><\/div><\/div><\/a><\/div><div class=\"site_overview_block\" style=\"background-image: url(https:\/\/hugokemmerich.de\/wp-content\/uploads\/2019\/06\/hoechste-qualitaet-02.jpg); max-width: 33.333333333333%\"><a href=\"https:\/\/hugokemmerich.de\/en\/unternehmen\/qualitaetsbewusstsein\/\"><div class=\"site_overview_block_content\"><h2>Das Qualit\u00e4tsbewusstsein<\/h2><p>Vom T\u00dcV zertifiziert nach DIN EN 9100:2018 f\u00fcr Luft- und Raumfahrt.<\/p><div class=\"more_button\"><span>read more<\/span><\/div><\/div><\/a><\/div><div class=\"site_overview_block\" style=\"background-image: url(https:\/\/hugokemmerich.de\/wp-content\/uploads\/2020\/03\/hugo-kemmerich-qualitaetsbewusstsein.jpg); max-width: 33.333333333333%\"><a href=\"https:\/\/hugokemmerich.de\/en\/unternehmen\/karriere\/\"><div class=\"site_overview_block_content\"><h2>Karriere<\/h2><p>Wir suchen engagierte Mitarbeiterinnen und Mitarbeiter.<\/p><div class=\"more_button\"><span>read more<\/span><\/div><\/div><\/a><\/div><\/div>\n<\/div><\/div>\n\n\n\n<div class=\"wp-block-impuls-additional-containers-section alignfull  has-no-text-color has-no-background-color has-no-background-image padding_top_70\" style=\"background-image:none\"><div class=\"InnerContent\">\n<div class=\"wp-block-columns has-2-columns is-layout-flex wp-container-core-columns-is-layout-9d6595d7 wp-block-columns-is-layout-flex\">\n<div class=\"wp-block-column is-layout-flow wp-block-column-is-layout-flow\">\n<figure class=\"wp-block-image picbottom\"><img decoding=\"async\" src=\"https:\/\/hugokemmerich.de\/wp-content\/uploads\/2019\/06\/Mann_mit_Reifen.png\" alt=\"\" class=\"wp-image-134\"\/><\/figure>\n<\/div>\n\n\n\n<div class=\"wp-block-column is-layout-flow wp-block-column-is-layout-flow\">\n<h2 class=\"wp-block-heading\">Effizienz und Sicherheit durch intelligente Spezialwerkzeuge<\/h2>\n\n\n\n<p>Mit dem richtigen Werkzeug schneller, flexibler und effizienter \narbeiten: Das k\u00f6nnen seit 1990 unsere Kunden aus der Automobilindustrie,\n darunter namhafte Unternehmen wie MAN, Daimler-Benz und ZF. Aber auch \nzahlreiche Werkst\u00e4tten, die unsere Spezialwerkzeuge im Fachhandel \nerworben haben, profitieren in der Wartung, Pflege und Reparatur von PKW\n und Nutzfahrzeugen von unseren innovativen Entwicklungen \u2013 und das \nweltweit. <\/p>\n\n\n\n<p>Verwendung finden diese vor allem in der Montage und Demontage rund  um Antrieb, Aufh\u00e4ngung und Lenkung, sprich: \u00fcberall dort, wo hohe Kr\u00e4fte  auf engem Raum erforderlich sind. Durch Hydraulik \u00fcbertragen unsere  Werkzeuge Kr\u00e4fte von bis zu 25 Tonnen \u2013 und das einfach, sicher,  materialschonend und schnell.<\/p>\n\n\n\n<div class=\"wp-block-button\"><a class=\"wp-block-button__link\" href=\"https:\/\/hugokemmerich.de\/produkte\/\">mehr erfahren<\/a><\/div>\n<\/div>\n<\/div>\n<\/div><\/div>\n","protected":false},"excerpt":{"rendered":"","protected":false},"author":3,"featured_media":289,"parent":0,"menu_order":0,"comment_status":"closed","ping_status":"closed","template":"","meta":{"impuls_gutenberg_page_icon_class":"","footnotes":""},"class_list":["post-2","page","type-page","status-publish","has-post-thumbnail","hentry"],"_links":{"self":[{"href":"https:\/\/hugokemmerich.de\/en\/wp-json\/wp\/v2\/pages\/2","targetHints":{"allow":["GET"]}}],"collection":[{"href":"https:\/\/hugokemmerich.de\/en\/wp-json\/wp\/v2\/pages"}],"about":[{"href":"https:\/\/hugokemmerich.de\/en\/wp-json\/wp\/v2\/types\/page"}],"author":[{"embeddable":true,"href":"https:\/\/hugokemmerich.de\/en\/wp-json\/wp\/v2\/users\/3"}],"replies":[{"embeddable":true,"href":"https:\/\/hugokemmerich.de\/en\/wp-json\/wp\/v2\/comments?post=2"}],"version-history":[{"count":111,"href":"https:\/\/hugokemmerich.de\/en\/wp-json\/wp\/v2\/pages\/2\/revisions"}],"predecessor-version":[{"id":757,"href":"https:\/\/hugokemmerich.de\/en\/wp-json\/wp\/v2\/pages\/2\/revisions\/757"}],"wp:featuredmedia":[{"embeddable":true,"href":"https:\/\/hugokemmerich.de\/en\/wp-json\/wp\/v2\/media\/289"}],"wp:attachment":[{"href":"https:\/\/hugokemmerich.de\/en\/wp-json\/wp\/v2\/media?parent=2"}],"curies":[{"name":"wp","href":"https:\/\/api.w.org\/{rel}","templated":true}]}}