{"id":18,"date":"2019-05-29T08:36:08","date_gmt":"2019-05-29T06:36:08","guid":{"rendered":"https:\/\/hugokemmerich.de\/?page_id=18"},"modified":"2020-02-20T17:17:21","modified_gmt":"2020-02-20T16:17:21","slug":"unternehmen","status":"publish","type":"page","link":"https:\/\/hugokemmerich.de\/en\/unternehmen\/","title":{"rendered":"Unternehmen"},"content":{"rendered":"\n<div class=\"wp-block-impuls-additional-containers-section  has-no-text-color has-no-background-color has-no-background-image\" style=\"background-image:none\"><div class=\"InnerContent\">\n<h2 class=\"wp-block-heading\">Wertarbeit nach Ma\u00df. Seit 1968.<\/h2>\n\n\n\n<div class=\"wp-block-columns has-2-columns is-layout-flex wp-container-core-columns-is-layout-9d6595d7 wp-block-columns-is-layout-flex\">\n<div class=\"wp-block-column is-layout-flow wp-block-column-is-layout-flow\">\n<p>Nichts ist wie fr\u00fcher, und doch ist alles gleich geblieben: Schon als kleiner Handwerksbetrieb setzte die Hugo Kemmerich GmbH auf Ma\u00dfarbeit und pers\u00f6nlichen Service. Heute, als modernes und zukunftsorientiertes Unternehmen, ist das noch immer die Basis unserer erfolgreichen Arbeit.<\/p>\n\n\n\n<p>Wir sind ein anerkannter Spezialist auf dem Gebiet der Metallverarbeitung, bei dem personelles Know-how und technische Ausstattung auch f\u00fcr die L\u00f6sung komplexester Aufgaben stimmen. Wir \u00fcbernehmen von der Beschaffung des Rohmaterials bis zur Fertigstellung nach Ma\u00df s\u00e4mtliche Produktionsschritte in allen Bereichen der CNC-Zerspanung und der kompletten Bearbeitung von Sonderwerkstoffen.<\/p>\n<\/div>\n\n\n\n<div class=\"wp-block-column is-layout-flow wp-block-column-is-layout-flow\">\n<p>Dabei setzen wir aus Tradition auf moderne Technik: Schon 1978 waren bei uns in Lindlar CNC-Maschinen im Einsatz und auch heute arbeiten unsere 33 hochqualifizierten Fachkr\u00e4fte auf 1.200 Quadratmetern mit den aktuellsten Produktionsanlagen und Maschinen. High-Tech gibt es allerdings nicht nur in der Produktion, sondern erst recht in der Konstruktion, wo CAD\/CAM-Systeme die M\u00f6glichkeiten erweitern. Und selbstverst\u00e4ndlich sind auch unsere Betriebsorganisation sowie unser Service zukunftsf\u00e4hig.<\/p>\n<\/div>\n<\/div>\n<\/div><\/div>\n\n\n\n<div class=\"wp-block-impuls-additional-containers-piccontainer background-image-size-cover has-no-text-color pic-align-left has-gray-background-color has-background-color has-image has-no-background-image\" style=\"background-image:\"><div class=\"impuls-additional-containers-piccontainer-inner\"><div class=\"impuls-additional-blocks-piccontainer-pic image-active\" style=\"background-image:url(https:\/\/hugokemmerich.de\/wp-content\/uploads\/2019\/06\/metall-01.jpg)\"><img decoding=\"async\" class=\"impuls-piccontainer-img\" src=\"https:\/\/hugokemmerich.de\/wp-content\/uploads\/2019\/06\/metall-01.jpg\"\/><\/div><div class=\"impuls-additional-blocks-piccontainer-content\">\n<p>Aber nicht nur die eingesetzte Technik garantiert unsere Verl\u00e4sslichkeit: Die Hugo Kemmerich GmbH ist selbstverst\u00e4ndlich qualit\u00e4tszertifiziert. Wir f\u00fchren die hochwertige Luftfahrtnorm<strong> <a href=\"https:\/\/hugokemmerich.de\/unternehmen\/qualitaetsbewusstsein\/\">EN 9100:2018<\/a><\/strong>.<\/p>\n\n\n\n<p>Wann immer Sie also in Ihrer Fertigung den richtigen Experten f\u00fcr komplexe Aufgabenstellungen suchen oder schlichtweg ihre Kapazit\u00e4t erweitern wollen: Bei uns finden Sie die richtige L\u00f6sung.<\/p>\n<\/div><\/div><\/div>\n","protected":false},"excerpt":{"rendered":"","protected":false},"author":3,"featured_media":674,"parent":0,"menu_order":50,"comment_status":"closed","ping_status":"closed","template":"","meta":{"impuls_gutenberg_page_icon_class":"","footnotes":""},"class_list":["post-18","page","type-page","status-publish","has-post-thumbnail","hentry"],"_links":{"self":[{"href":"https:\/\/hugokemmerich.de\/en\/wp-json\/wp\/v2\/pages\/18","targetHints":{"allow":["GET"]}}],"collection":[{"href":"https:\/\/hugokemmerich.de\/en\/wp-json\/wp\/v2\/pages"}],"about":[{"href":"https:\/\/hugokemmerich.de\/en\/wp-json\/wp\/v2\/types\/page"}],"author":[{"embeddable":true,"href":"https:\/\/hugokemmerich.de\/en\/wp-json\/wp\/v2\/users\/3"}],"replies":[{"embeddable":true,"href":"https:\/\/hugokemmerich.de\/en\/wp-json\/wp\/v2\/comments?post=18"}],"version-history":[{"count":12,"href":"https:\/\/hugokemmerich.de\/en\/wp-json\/wp\/v2\/pages\/18\/revisions"}],"predecessor-version":[{"id":737,"href":"https:\/\/hugokemmerich.de\/en\/wp-json\/wp\/v2\/pages\/18\/revisions\/737"}],"wp:featuredmedia":[{"embeddable":true,"href":"https:\/\/hugokemmerich.de\/en\/wp-json\/wp\/v2\/media\/674"}],"wp:attachment":[{"href":"https:\/\/hugokemmerich.de\/en\/wp-json\/wp\/v2\/media?parent=18"}],"curies":[{"name":"wp","href":"https:\/\/api.w.org\/{rel}","templated":true}]}}