{"id":12,"date":"2019-05-29T08:35:21","date_gmt":"2019-05-29T06:35:21","guid":{"rendered":"https:\/\/hugokemmerich.de\/?page_id=12"},"modified":"2020-03-25T13:29:47","modified_gmt":"2020-03-25T12:29:47","slug":"produkte","status":"publish","type":"page","link":"https:\/\/hugokemmerich.de\/en\/produkte\/","title":{"rendered":"Produkte"},"content":{"rendered":"\n<div class=\"wp-block-impuls-additional-containers-section alignfull  has-no-text-color has-no-background-color has-no-background-image\" style=\"background-image:none\"><div class=\"InnerContent\">\n<h2 class=\"wp-block-heading\">Effizienter Krafteinsatz auch unter komplizierten Bedingungen<\/h2>\n\n\n\n<div class=\"wp-block-columns has-2-columns is-layout-flex wp-container-core-columns-is-layout-9d6595d7 wp-block-columns-is-layout-flex\">\n<div class=\"wp-block-column is-layout-flow wp-block-column-is-layout-flow\">\n<p>Immer dann, wenn die Arbeit mit herk\u00f6mmlichen Werkzeugen schwierig oder sogar gef\u00e4hrlich wird, liefern die Spezialwerkzeuge der Hugo Kemmerich GmbH wertvolle Hilfestellungen. Flexibel anpassbar und auf Wunsch auch individuell f\u00fcr eine bestimmte Aufgabe entwickelt, sind sie die intelligente L\u00f6sung f\u00fcr Aufgabenstellungen, die hohe Krafteins\u00e4tze erfordern.<\/p>\n\n\n\n<p><strong>Einige praktische Beispiel daf\u00fcr sind:<\/strong><\/p>\n\n\n\n<ul class=\"wp-block-list\"><li>Reparaturen an Lenkgetrieben<\/li><li>Lenkgetriebe an Niederflurbussen<\/li><li>Reparatur an Allradantrieben<\/li><\/ul>\n<\/div>\n\n\n\n<div class=\"wp-block-column is-layout-flow wp-block-column-is-layout-flow\">\n<ul class=\"wp-block-list\"><li>Austausch von Silentbuchsen an Achsen und Stabilisatoren<\/li><li>Ausbau von Kugelk\u00f6pfen<\/li><li>Werkzeuge f\u00fcr Getriebereparaturen<\/li><li>Abziehen von Kegelrollenlagern an Getrieben und Achsen<\/li><\/ul>\n\n\n\n<p>Unser Dienstleistungsschwerpunkt liegt in der wirtschaftlichen, zeitnahen und kostensparenden Lohnfertigung. Hier bearbeiten wir haupts\u00e4chlich schwer zerspanbare Sonderwerkstoffe wie Nickelbasis- und Titanlegierungen, au\u00dferdem Aluminium und hochlegierte Gusswerkstoffe. Die Gr\u00f6\u00dfe und Komplexit\u00e4t der Konstruktion handhaben wir dabei flexibel.<\/p>\n<\/div>\n<\/div>\n<\/div><\/div>\n\n\n\n<div class=\"wp-block-impuls-additional-containers-piccontainer background-image-size-cover has-no-text-color pic-align-left has-gray-background-color has-background-color has-image has-no-background-image\" style=\"background-image:\"><div class=\"impuls-additional-containers-piccontainer-inner\"><div class=\"impuls-additional-blocks-piccontainer-pic image-active\" style=\"background-image:url(https:\/\/hugokemmerich.de\/wp-content\/uploads\/2020\/03\/hugo-kemmerich-raendelbild-1000.jpg)\"><img decoding=\"async\" class=\"impuls-piccontainer-img\" src=\"https:\/\/hugokemmerich.de\/wp-content\/uploads\/2020\/03\/hugo-kemmerich-raendelbild-1000.jpg\"\/><\/div><div class=\"impuls-additional-blocks-piccontainer-content\">\n<h2 class=\"wp-block-heading\">Mit Hydraulik effizienter arbeiten.<\/h2>\n\n\n\n<p>Der Einsatz von Hydraulik in unseren Spezialwerkzeugen sorgt daf\u00fcr, dass Sie auch schwere Abziehprobleme in den Griff bekommen. In kompakter Form k\u00f6nnen die intelligenten Werkzeuge unter Einsatz dieser Technik Kr\u00e4fte bis zu 25 Tonnen \u00fcbertragen. Dieser saubere Krafteinsatz schont das Material, ist einfach und sicher und gew\u00e4hrleistet eine effizientere Arbeitsleistung. <\/p>\n\n\n\n<p>F\u00fcr den flexiblen, handlichen und vor allem mobilen Einsatz erhalten Sie s\u00e4mtliche Werkzeuge auf Wunsch auch mit der bew\u00e4hrten Spindelmechanik.<\/p>\n<\/div><\/div><\/div>\n","protected":false},"excerpt":{"rendered":"","protected":false},"author":3,"featured_media":760,"parent":0,"menu_order":20,"comment_status":"closed","ping_status":"closed","template":"","meta":{"impuls_gutenberg_page_icon_class":"","footnotes":""},"class_list":["post-12","page","type-page","status-publish","has-post-thumbnail","hentry"],"_links":{"self":[{"href":"https:\/\/hugokemmerich.de\/en\/wp-json\/wp\/v2\/pages\/12","targetHints":{"allow":["GET"]}}],"collection":[{"href":"https:\/\/hugokemmerich.de\/en\/wp-json\/wp\/v2\/pages"}],"about":[{"href":"https:\/\/hugokemmerich.de\/en\/wp-json\/wp\/v2\/types\/page"}],"author":[{"embeddable":true,"href":"https:\/\/hugokemmerich.de\/en\/wp-json\/wp\/v2\/users\/3"}],"replies":[{"embeddable":true,"href":"https:\/\/hugokemmerich.de\/en\/wp-json\/wp\/v2\/comments?post=12"}],"version-history":[{"count":22,"href":"https:\/\/hugokemmerich.de\/en\/wp-json\/wp\/v2\/pages\/12\/revisions"}],"predecessor-version":[{"id":759,"href":"https:\/\/hugokemmerich.de\/en\/wp-json\/wp\/v2\/pages\/12\/revisions\/759"}],"wp:featuredmedia":[{"embeddable":true,"href":"https:\/\/hugokemmerich.de\/en\/wp-json\/wp\/v2\/media\/760"}],"wp:attachment":[{"href":"https:\/\/hugokemmerich.de\/en\/wp-json\/wp\/v2\/media?parent=12"}],"curies":[{"name":"wp","href":"https:\/\/api.w.org\/{rel}","templated":true}]}}