{"id":116,"date":"2019-06-04T11:35:59","date_gmt":"2019-06-04T09:35:59","guid":{"rendered":"https:\/\/hugokemmerich.de\/?page_id=116"},"modified":"2023-05-15T17:09:51","modified_gmt":"2023-05-15T15:09:51","slug":"karriere","status":"publish","type":"page","link":"https:\/\/hugokemmerich.de\/en\/unternehmen\/karriere\/","title":{"rendered":"Karriere"},"content":{"rendered":"\n<div class=\"wp-block-impuls-additional-containers-section  has-no-text-color has-no-background-color has-no-background-image\" style=\"background-image:none\"><div class=\"InnerContent\">\n<h2 class=\"wp-block-heading\">Wir suchen Verst\u00e4rkung<\/h2>\n\n\n\n<div class=\"wp-block-columns has-2-columns is-layout-flex wp-container-core-columns-is-layout-9d6595d7 wp-block-columns-is-layout-flex\">\n<div class=\"wp-block-column is-layout-flow wp-block-column-is-layout-flow\">\n<p>Zur Verst\u00e4rkung unseres Teams suchen wir qualifizierte und engagierte Mitarbeiterinnen und Mitarbeiter. Sie sind auf der Suche nach einer spannenden und abwechslungsreichen T\u00e4tigkeit? Dann bewerben Sie sich bei uns. Wir freuen uns auf Sie.<\/p>\n<\/div>\n\n\n\n<div class=\"wp-block-column is-layout-flow wp-block-column-is-layout-flow\">\n<p>Auf dieser Seite finden Sie eine \u00dcbersicht unserer aktuellen Stellenangebote. Senden Sie Ihre aussagekr\u00e4ftige Bewerbung bitte an <strong>info(at)hugokemmerich.de<\/strong>.<\/p>\n<\/div>\n<\/div>\n\n\n\n<h3 class=\"wp-block-heading\">Aktuelle Jobangebote<\/h3>\n\n\n\n<div class=\"wp-block-columns is-layout-flex wp-container-core-columns-is-layout-9d6595d7 wp-block-columns-is-layout-flex\">\n<div class=\"wp-block-column is-layout-flow wp-block-column-is-layout-flow\">\n<h3 class=\"wp-block-heading\">CNC-Dreher (m\/w\/d)<\/h3>\n\n\n\n<p><strong>Ihre Aufgaben:<\/strong><\/p>\n\n\n\n<ul class=\"wp-block-list\"><li>Sie r\u00fcsten selbstst\u00e4ndig und im Team Drehmaschinen ein und um<\/li><li>Sie messen nach Zeichnungen<\/li><li>Sie \u00fcberpr\u00fcfen und \u00fcberwachen den Fertigungsprozess<\/li><li>Benefit: Sie programmieren ggf. sogar selbstst\u00e4ndig<\/li><\/ul>\n\n\n\n<div class=\"wp-block-file\"><a href=\"https:\/\/hugokemmerich.de\/wp-content\/uploads\/2023\/05\/Seiten-aus-Wir-suchen-Verst\u00e4rkung-Karriere-Dreher-05-2023.pdf\" target=\"_blank\" rel=\"noreferrer noopener\">Details: Wir suchen Verst\u00e4rkung &#8211; Karriere &#8211; Dreher 05-2023<\/a><a href=\"https:\/\/hugokemmerich.de\/wp-content\/uploads\/2023\/05\/Seiten-aus-Wir-suchen-Verst\u00e4rkung-Karriere-Dreher-05-2023.pdf\" class=\"wp-block-file__button\" download>Herunterladen<\/a><\/div>\n\n\n\n<p><\/p>\n<\/div>\n\n\n\n<div class=\"wp-block-column is-layout-flow wp-block-column-is-layout-flow\">\n<h3 class=\"wp-block-heading\"><strong>CNC-Fr\u00e4ser (m\/w\/d)<\/strong><\/h3>\n\n\n\n<p><strong>Ihre Aufgaben:<\/strong><\/p>\n\n\n\n<ul class=\"wp-block-list\"><li>Sie fertigen Teile nach Zeichnung<\/li><li>Sie haben Erfahrung in der Heidenhain-Steuerung<\/li><li>Sie kennen sich in der Optimierung und im Lesen des Programms aus<\/li><li>Programmierkenntnisse sind Voraussetzung<\/li><\/ul>\n\n\n\n<div class=\"wp-block-file\"><a href=\"https:\/\/hugokemmerich.de\/wp-content\/uploads\/2023\/05\/Seiten-aus-Wir-suchen-Verst\u00e4rkung-Karriere-Fr\u00e4ser-05-2023.pdf\" target=\"_blank\" rel=\"noreferrer noopener\">Details: Wir suchen Verst\u00e4rkung &#8211; Karriere &#8211; Fr\u00e4ser 05-2023<\/a><a href=\"https:\/\/hugokemmerich.de\/wp-content\/uploads\/2023\/05\/Seiten-aus-Wir-suchen-Verst\u00e4rkung-Karriere-Fr\u00e4ser-05-2023.pdf\" class=\"wp-block-file__button\" download>Herunterladen<\/a><\/div>\n<\/div>\n<\/div>\n<\/div><\/div>\n","protected":false},"excerpt":{"rendered":"","protected":false},"author":3,"featured_media":775,"parent":18,"menu_order":40,"comment_status":"closed","ping_status":"closed","template":"","meta":{"impuls_gutenberg_page_icon_class":"","footnotes":""},"class_list":["post-116","page","type-page","status-publish","has-post-thumbnail","hentry"],"_links":{"self":[{"href":"https:\/\/hugokemmerich.de\/en\/wp-json\/wp\/v2\/pages\/116","targetHints":{"allow":["GET"]}}],"collection":[{"href":"https:\/\/hugokemmerich.de\/en\/wp-json\/wp\/v2\/pages"}],"about":[{"href":"https:\/\/hugokemmerich.de\/en\/wp-json\/wp\/v2\/types\/page"}],"author":[{"embeddable":true,"href":"https:\/\/hugokemmerich.de\/en\/wp-json\/wp\/v2\/users\/3"}],"replies":[{"embeddable":true,"href":"https:\/\/hugokemmerich.de\/en\/wp-json\/wp\/v2\/comments?post=116"}],"version-history":[{"count":18,"href":"https:\/\/hugokemmerich.de\/en\/wp-json\/wp\/v2\/pages\/116\/revisions"}],"predecessor-version":[{"id":873,"href":"https:\/\/hugokemmerich.de\/en\/wp-json\/wp\/v2\/pages\/116\/revisions\/873"}],"up":[{"embeddable":true,"href":"https:\/\/hugokemmerich.de\/en\/wp-json\/wp\/v2\/pages\/18"}],"wp:featuredmedia":[{"embeddable":true,"href":"https:\/\/hugokemmerich.de\/en\/wp-json\/wp\/v2\/media\/775"}],"wp:attachment":[{"href":"https:\/\/hugokemmerich.de\/en\/wp-json\/wp\/v2\/media?parent=116"}],"curies":[{"name":"wp","href":"https:\/\/api.w.org\/{rel}","templated":true}]}}