{"id":114,"date":"2019-06-04T11:35:40","date_gmt":"2019-06-04T09:35:40","guid":{"rendered":"https:\/\/hugokemmerich.de\/?page_id=114"},"modified":"2021-09-28T13:34:01","modified_gmt":"2021-09-28T11:34:01","slug":"qualitaetsbewusstsein","status":"publish","type":"page","link":"https:\/\/hugokemmerich.de\/en\/unternehmen\/qualitaetsbewusstsein\/","title":{"rendered":"Das Qualit\u00e4tsbewusstsein"},"content":{"rendered":"\n<div class=\"wp-block-impuls-additional-containers-section  has-no-text-color has-no-background-color has-no-background-image\" style=\"background-image:none\"><div class=\"InnerContent\">\n<h2 class=\"wp-block-heading\">Zertifizierte Wertarbeit<\/h2>\n\n\n\n<div class=\"wp-block-columns has-2-columns is-layout-flex wp-container-core-columns-is-layout-9d6595d7 wp-block-columns-is-layout-flex\">\n<div class=\"wp-block-column is-layout-flow wp-block-column-is-layout-flow\">\n<p>Konstante Qualit\u00e4t ist bei uns kein leeres Versprechen, sondern durch Zertifizierung klar belegt: Unsere gesamte Betriebsorganisation ist auf die Sicherstellung von Qualit\u00e4t ausgerichtet. Dies hat uns der T\u00dcV Rheinland durch die <strong>Zertifizierung<\/strong> unseres QM-Systems <strong>nach DIN EN 9100:2018 f\u00fcr Luft- und Raumfahrt<\/strong> in aller Form bescheinigt. <\/p>\n\n\n\n<p>Kein Grund, uns auf diesen Lorbeeren auszuruhen: Qualit\u00e4tsmanagement geh\u00f6rt zum Alltag der Hugo Kemmerich GmbH, in s\u00e4mtlichen Arbeitsprozessen. Dazu geh\u00f6rt auch, dass wir f\u00fcr Qualit\u00e4t bei unseren Materialzulieferern ebenso sorgen wie bei der Auslieferung unserer Produkte zu Ihnen.<\/p>\n\n\n\n<p><\/p>\n<\/div>\n\n\n\n<div class=\"wp-block-column is-layout-flow wp-block-column-is-layout-flow\">\n<p>Qualit\u00e4t betrifft auch unsere eigene Organisation. In unserem PPS-System laufen alle Daten aus Fertigung, Lagerhaltung und Auftragswesen zusammen. Die EDV-gest\u00fctzte Planung und Fertigungssteuerung erm\u00f6glichen durch die optimale Abstimmung von Fertigungskapazit\u00e4ten und Lagerverwaltung termingerechte Lieferzeiten. <\/p>\n\n\n\n<p>Was Sie am meisten sp\u00fcren ist unser Service. Enge Absprache und Beratung telefonisch und auch vor Ort sind f\u00fcr uns selbstverst\u00e4ndlich. So passen Ihre Anforderungen und unsere Leistung zu 100% zusammen.<\/p>\n<\/div>\n<\/div>\n<\/div><\/div>\n\n\n\n<div class=\"wp-block-impuls-additional-containers-section alignfull  has-no-text-color has-gray-background-color has-background-color has-no-background-image\" style=\"background-image:none\"><div class=\"InnerContent\">\n<h3 class=\"wp-block-heading\">Hier k\u00f6nnen Sie sich unsere Zertifikate herunterladen.<\/h3>\n\n\n\n<div class=\"wp-block-columns has-4-columns is-layout-flex wp-container-core-columns-is-layout-9d6595d7 wp-block-columns-is-layout-flex\">\n<div class=\"wp-block-column is-layout-flow wp-block-column-is-layout-flow\">\n<figure class=\"wp-block-image size-large\"><a href=\"https:\/\/hugokemmerich.de\/wp-content\/uploads\/2021\/09\/zertifikat-en9100-2018.pdf\" target=\"_blank\" rel=\"noreferrer noopener\"><img loading=\"lazy\" decoding=\"async\" width=\"724\" height=\"1024\" src=\"https:\/\/hugokemmerich.de\/wp-content\/uploads\/2021\/09\/zertifikat-en9100-2018-724x1024.jpg\" alt=\"Zertifikat DIN EN 9100:2018\" class=\"wp-image-861\" srcset=\"https:\/\/hugokemmerich.de\/wp-content\/uploads\/2021\/09\/zertifikat-en9100-2018-724x1024.jpg 724w, https:\/\/hugokemmerich.de\/wp-content\/uploads\/2021\/09\/zertifikat-en9100-2018-212x300.jpg 212w, https:\/\/hugokemmerich.de\/wp-content\/uploads\/2021\/09\/zertifikat-en9100-2018-768x1087.jpg 768w, https:\/\/hugokemmerich.de\/wp-content\/uploads\/2021\/09\/zertifikat-en9100-2018-1086x1536.jpg 1086w, https:\/\/hugokemmerich.de\/wp-content\/uploads\/2021\/09\/zertifikat-en9100-2018-1448x2048.jpg 1448w, https:\/\/hugokemmerich.de\/wp-content\/uploads\/2021\/09\/zertifikat-en9100-2018-scaled.jpg 1809w\" sizes=\"auto, (max-width: 724px) 100vw, 724px\" \/><\/a><\/figure>\n\n\n\n<p><a rel=\"noreferrer noopener\" aria-label=\"DIN EN ISO 9001:2018 (opens in a new tab)\" href=\"https:\/\/hugokemmerich.de\/wp-content\/uploads\/2019\/06\/56514ms-en9100_de.pdf\" target=\"_blank\">DIN EN ISO 9100:2018<\/a><\/p>\n<\/div>\n\n\n\n<div class=\"wp-block-column is-layout-flow wp-block-column-is-layout-flow\"><\/div>\n\n\n\n<div class=\"wp-block-column is-layout-flow wp-block-column-is-layout-flow\"><\/div>\n\n\n\n<div class=\"wp-block-column is-layout-flow wp-block-column-is-layout-flow\"><\/div>\n<\/div>\n<\/div><\/div>\n","protected":false},"excerpt":{"rendered":"","protected":false},"author":3,"featured_media":670,"parent":18,"menu_order":0,"comment_status":"closed","ping_status":"closed","template":"","meta":{"impuls_gutenberg_page_icon_class":"","footnotes":""},"class_list":["post-114","page","type-page","status-publish","has-post-thumbnail","hentry"],"_links":{"self":[{"href":"https:\/\/hugokemmerich.de\/en\/wp-json\/wp\/v2\/pages\/114","targetHints":{"allow":["GET"]}}],"collection":[{"href":"https:\/\/hugokemmerich.de\/en\/wp-json\/wp\/v2\/pages"}],"about":[{"href":"https:\/\/hugokemmerich.de\/en\/wp-json\/wp\/v2\/types\/page"}],"author":[{"embeddable":true,"href":"https:\/\/hugokemmerich.de\/en\/wp-json\/wp\/v2\/users\/3"}],"replies":[{"embeddable":true,"href":"https:\/\/hugokemmerich.de\/en\/wp-json\/wp\/v2\/comments?post=114"}],"version-history":[{"count":9,"href":"https:\/\/hugokemmerich.de\/en\/wp-json\/wp\/v2\/pages\/114\/revisions"}],"predecessor-version":[{"id":862,"href":"https:\/\/hugokemmerich.de\/en\/wp-json\/wp\/v2\/pages\/114\/revisions\/862"}],"up":[{"embeddable":true,"href":"https:\/\/hugokemmerich.de\/en\/wp-json\/wp\/v2\/pages\/18"}],"wp:featuredmedia":[{"embeddable":true,"href":"https:\/\/hugokemmerich.de\/en\/wp-json\/wp\/v2\/media\/670"}],"wp:attachment":[{"href":"https:\/\/hugokemmerich.de\/en\/wp-json\/wp\/v2\/media?parent=114"}],"curies":[{"name":"wp","href":"https:\/\/api.w.org\/{rel}","templated":true}]}}