{"id":10,"date":"2019-05-29T08:34:59","date_gmt":"2019-05-29T06:34:59","guid":{"rendered":"https:\/\/hugokemmerich.de\/?page_id=10"},"modified":"2020-03-25T13:19:43","modified_gmt":"2020-03-25T12:19:43","slug":"leistungen","status":"publish","type":"page","link":"https:\/\/hugokemmerich.de\/en\/leistungen\/","title":{"rendered":"Leistungen"},"content":{"rendered":"\n<div class=\"wp-block-impuls-additional-containers-section  has-no-text-color has-no-background-color has-no-background-image\" style=\"background-image:none\"><div class=\"InnerContent\">\n<h2 class=\"wp-block-heading\">Wir bringen alles in Form. Und zwar ganz genau.<\/h2>\n\n\n\n<div class=\"wp-block-columns has-2-columns is-layout-flex wp-container-core-columns-is-layout-9d6595d7 wp-block-columns-is-layout-flex\">\n<div class=\"wp-block-column is-layout-flow wp-block-column-is-layout-flow\">\n<p>Immer dann, wenn Sie in Ihrer Fertigung an die Grenzen Ihrer M\u00f6glichkeiten sto\u00dfen oder die Kapazit\u00e4ten ausgelastet sind, sorgen wir f\u00fcr die richtige L\u00f6sung. Im Full-Service \u00fcbernehmen wir alles von der Beschaffung s\u00e4mtlicher Werkstoffe und Materialien bis zur Auslieferung und leisten auch alle W\u00e4rme- und Oberfl\u00e4chenbehandlungen. <\/p>\n\n\n\n<p>Unser Spezialgebiet sind <strong>schwer zerspanbare Sonderwerkstoffe wie Nickelbasis- und Titanlegierungen.<\/strong> <\/p>\n\n\n\n<p>Diese Sonderwerkstoffe der Luft- und Raumfahrtindustrie sind aber nicht unser einziges T\u00e4tigkeitsgebiet: Generell bearbeiten wir alle Teile bis 12 Tonnen Gewicht aus s\u00e4mtlichen metallischen Werkstoffen.<\/p>\n<\/div>\n\n\n\n<div class=\"wp-block-column is-layout-flow wp-block-column-is-layout-flow\">\n<p>Unsere Fertigungsm\u00f6glichkeiten in der <strong>CNC-Drehbearbeitung<\/strong> umfassen Werkst\u00fccke <strong>im Durchmesser bis 1.850 mm<\/strong> und bis zu einer <strong>L\u00e4nge von 5.000 mm<\/strong>. Bei allen <strong>Fr\u00e4sarbeiten<\/strong> sind wir auf Werkst\u00fccke bis zu einer <strong>Gr\u00f6\u00dfe von X=4.800 x Y=1.500 x Z=1.460 mm<\/strong> eingerichtet.<\/p>\n\n\n\n<p><strong>Unser Leistungsspektrum: <\/strong><\/p>\n\n\n<ul class=\"leistung_list_wrapper\"><li><a href=\"https:\/\/hugokemmerich.de\/en\/leistungen\/drehen-cnc\/\">Drehen-CNC<\/a><\/li><li><a href=\"https:\/\/hugokemmerich.de\/en\/leistungen\/fraesen-cnc\/\">CNC-Drehen\/Fr\u00e4sen<\/a><\/li><li><a href=\"https:\/\/hugokemmerich.de\/en\/leistungen\/bohren-und-saegen\/\">Bohren und S\u00e4gen<\/a><\/li><li><a href=\"https:\/\/hugokemmerich.de\/en\/leistungen\/drehen-konventionell\/\">Drehen konventionell<\/a><\/li><li><a href=\"https:\/\/hugokemmerich.de\/en\/leistungen\/cad-cam-systeme\/\">CAD\/CAM-Systeme<\/a><\/li><li><a href=\"https:\/\/hugokemmerich.de\/en\/leistungen\/messraum\/\">Messraum<\/a><\/li><li><a href=\"https:\/\/hugokemmerich.de\/en\/leistungen\/spezialwerzeugbau\/\">Spezialwerkzeuge<\/a><\/li><\/ul>\n<\/div>\n<\/div>\n<\/div><\/div>\n\n\n\n<div class=\"wp-block-impuls-additional-containers-piccontainer background-image-size-cover has-no-text-color pic-align-left has-gray-background-color has-background-color has-image has-no-background-image\" style=\"background-image:\"><div class=\"impuls-additional-containers-piccontainer-inner\"><div class=\"impuls-additional-blocks-piccontainer-pic image-active\" style=\"background-image:url(https:\/\/hugokemmerich.de\/wp-content\/uploads\/2020\/03\/hugo-kemmerich-praezision.jpg)\"><img decoding=\"async\" class=\"impuls-piccontainer-img\" src=\"https:\/\/hugokemmerich.de\/wp-content\/uploads\/2020\/03\/hugo-kemmerich-praezision.jpg\"\/><\/div><div class=\"impuls-additional-blocks-piccontainer-content\">\n<h2 class=\"wp-block-heading\">Pr\u00e4zision von Anfang bis Ende.<\/h2>\n\n\n\n<p>Von der Vorbereitung bis zur Auslieferung setzen wir auf Perfektion. Deswegen arbeiten wir schon in der Arbeitsvorbereitung mit CAD\/CAM-Systemen, auf denen alle CNC-Programme zentral erstellt, verwaltet und \u00fcber ein DNC-Netzwerk zu den Maschinen transferiert werden.<\/p>\n\n\n\n<p>Selbstverst\u00e4ndlich sind diese Systeme mit allen g\u00e4ngigen Formaten am Markt kompatibel und k\u00f6nnen so auch auf Ihre Konstruktionsdaten zur\u00fcckgreifen. Des Weiteren programmieren wir auch direkt vor Ort an der Maschine oder nehmen Anpassungen vor.<\/p>\n\n\n\n<p>Auf diese Weise schaffen wir enge Abstimmung mit Ihrer Produktion und k\u00f6nnen in der Planung s\u00e4mtliche Optimierungen sofort ber\u00fccksichtigen \u2013 durch Bildschirmsimulationen schaffen wir das zeit- und kosteneffizient. <\/p>\n\n\n\n<p>Was mit solider Planung beginnt, endet mit pr\u00e4ziser Messung. Auf unserer 3D-Messmaschine stellen wir im gesamten Ablauf sicher, dass alle Vorgaben zu 100% eingehalten werden. <\/p>\n<\/div><\/div><\/div>\n","protected":false},"excerpt":{"rendered":"","protected":false},"author":3,"featured_media":660,"parent":0,"menu_order":10,"comment_status":"closed","ping_status":"closed","template":"","meta":{"impuls_gutenberg_page_icon_class":"","footnotes":""},"class_list":["post-10","page","type-page","status-publish","has-post-thumbnail","hentry"],"_links":{"self":[{"href":"https:\/\/hugokemmerich.de\/en\/wp-json\/wp\/v2\/pages\/10","targetHints":{"allow":["GET"]}}],"collection":[{"href":"https:\/\/hugokemmerich.de\/en\/wp-json\/wp\/v2\/pages"}],"about":[{"href":"https:\/\/hugokemmerich.de\/en\/wp-json\/wp\/v2\/types\/page"}],"author":[{"embeddable":true,"href":"https:\/\/hugokemmerich.de\/en\/wp-json\/wp\/v2\/users\/3"}],"replies":[{"embeddable":true,"href":"https:\/\/hugokemmerich.de\/en\/wp-json\/wp\/v2\/comments?post=10"}],"version-history":[{"count":17,"href":"https:\/\/hugokemmerich.de\/en\/wp-json\/wp\/v2\/pages\/10\/revisions"}],"predecessor-version":[{"id":750,"href":"https:\/\/hugokemmerich.de\/en\/wp-json\/wp\/v2\/pages\/10\/revisions\/750"}],"wp:featuredmedia":[{"embeddable":true,"href":"https:\/\/hugokemmerich.de\/en\/wp-json\/wp\/v2\/media\/660"}],"wp:attachment":[{"href":"https:\/\/hugokemmerich.de\/en\/wp-json\/wp\/v2\/media?parent=10"}],"curies":[{"name":"wp","href":"https:\/\/api.w.org\/{rel}","templated":true}]}}